{"id":4766,"date":"2017-09-26T08:59:43","date_gmt":"2017-09-26T08:59:43","guid":{"rendered":"http:\/\/www.ff-heiligenkreuz.com\/?page_id=4766"},"modified":"2020-01-13T09:22:09","modified_gmt":"2020-01-13T09:22:09","slug":"oktoberfest-2016-2","status":"publish","type":"page","link":"http:\/\/www.ff-heiligenkreuz.com\/?page_id=4766","title":{"rendered":"FRIEDENSLICHT 2019"},"content":{"rendered":"<p style=\"text-align: center;\">Friedenslicht\u00fcbergabe &amp; 11. Heiligenkreuzer Friedenslichtlauf<\/p>\n<p style=\"text-align: center;\">Am 23.12.2019 fand die Friedenslicht\u00fcbergabe &amp; der 11. Heiligenkreuzer Friedenslichtlauf am Marktplatz in Heiligenkreuz am Waasen statt.<\/p>\n<p style=\"text-align: center;\">\u00dcber 1000 Besucher aus nah und fern kamen zu dieser vorweihnachtlichen Veranstaltung, welche von der\u00a0Marktmusik Heiligenkreuz am Waasen\u00a0musikalisch umrahmt und von der FF Heiligenkreuz am Waasen organisiert wurde.<\/p>\n<p style=\"text-align: center;\">Nach Gru\u00dfworten von Bgm. Franz Platzer und HBI Patrick Pichler wurde das Friedenslicht von den L\u00e4ufern (\u00fcber 80), die vom<span class=\"text_exposed_show\">\u00a0ORF-Landesstudio in Graz nach Heiligenkreuz am Waasen gelaufen sind und von der Feuerwehrjugend \u00fcberbracht. Anschlie\u00dfend wurde von Pfarrer Geistl. Rat. Mag. Alois Stumpf das Licht gesegnet und der Bev\u00f6lkerung \u00fcbergeben.\u00a0<\/span><\/p>\n<p style=\"text-align: center;\"><div style=\"max-width:720px;margin:0 auto;\"><div class=\"wonderplugingallery\" data-width=\"720\" data-height=\"420\" data-skin=\"light\" data-autoslide=\"true\" data-autoplayvideo=\"false\" data-html5player=\"false\" data-responsive=\"true\" data-fullwidth=\"false\" data-showtitle=\"false\" data-showdescription=\"false\" data-showplaybutton=\"false\" data-showfullscreenbutton=\"false\" data-showtimer=\"true\" data-showcarousel=\"true\" data-galleryshadow=\"false\" data-slideshadow=\"true\" data-thumbshowtitle=\"false\" data-thumbshadow=\"true\" data-lightboxshowtitle=\"false\" data-lightboxshowdescription=\"false\" data-googleanalyticsaccount=\"\" data-resizemode=\"fill\" data-imagetoolboxmode=\"mouseover\" data-effect=\"fade\" data-padding=\"12\" data-bgcolor=\"\" data-bgimage=\"\" data-thumbwidth=\"48\" data-thumbheight=\"48\" data-thumbgap=\"8\" data-thumbrowgap=\"16\" data-lightboxtextheight=\"72\" data-lightboxtitlecss=\"{color:#333333; font:bold 12px Arial,Helvetica,sans-serif; overflow:hidden; white-space:normal; line-height:18px;}\" data-lightboxdescriptioncss=\"{color:#333333; font:normal 12px Arial,Helvetica,sans-serif; overflow:hidden; white-space:normal; line-height:14px;}\" data-titlecss=\"{color:#ffffff; font-size:14px; font-family:Armata, sans-serif, Arial; overflow:hidden; white-space:normal; text-align:left; padding:10px 0px 10px 10px;  background:rgb(102, 102, 102) transparent; background:rgba(102, 102, 102, 0.6);}\" data-descriptioncss=\"{color:#ffffff; font-size:12px; font-family:Armata, sans-serif, Arial; overflow:hidden; white-space:normal; text-align:left; padding:0px 0px 10px 10px;  background:rgb(102, 102, 102) transparent; background:rgba(102, 102, 102, 0.6);}\" data-jsfolder=\"http:\/\/www.ff-heiligenkreuz.com\/wp-content\/plugins\/wonderplugin-gallery\/engine\/\" style=\"display:none;\" ><a href=\"http:\/\/www.ff-heiligenkreuz.com\/wp-content\/uploads\/2020\/01\/80683914_2460533470834643_8867545622857646080_o.jpg\"><img src=\"http:\/\/www.ff-heiligenkreuz.com\/wp-content\/uploads\/2020\/01\/80683914_2460533470834643_8867545622857646080_o-150x150.jpg\" alt=\"80683914_2460533470834643_8867545622857646080_o\"><\/a><a href=\"http:\/\/www.ff-heiligenkreuz.com\/wp-content\/uploads\/2020\/01\/80314815_2460533644167959_4625741088450150400_o.jpg\"><img src=\"http:\/\/www.ff-heiligenkreuz.com\/wp-content\/uploads\/2020\/01\/80314815_2460533644167959_4625741088450150400_o-150x150.jpg\" alt=\"80314815_2460533644167959_4625741088450150400_o\"><\/a><a href=\"http:\/\/www.ff-heiligenkreuz.com\/wp-content\/uploads\/2020\/01\/80556679_2460533507501306_3279309548854181888_o.jpg\"><img src=\"http:\/\/www.ff-heiligenkreuz.com\/wp-content\/uploads\/2020\/01\/80556679_2460533507501306_3279309548854181888_o-150x150.jpg\" alt=\"80556679_2460533507501306_3279309548854181888_o\"><\/a><a href=\"http:\/\/www.ff-heiligenkreuz.com\/wp-content\/uploads\/2020\/01\/81277601_2460533557501301_5666918590670962688_o.jpg\"><img src=\"http:\/\/www.ff-heiligenkreuz.com\/wp-content\/uploads\/2020\/01\/81277601_2460533557501301_5666918590670962688_o-150x150.jpg\" alt=\"81277601_2460533557501301_5666918590670962688_o\"><\/a><a href=\"http:\/\/www.ff-heiligenkreuz.com\/wp-content\/uploads\/2020\/01\/80288166_2460533760834614_3992242500440948736_o.jpg\"><img src=\"http:\/\/www.ff-heiligenkreuz.com\/wp-content\/uploads\/2020\/01\/80288166_2460533760834614_3992242500440948736_o-150x150.jpg\" alt=\"80288166_2460533760834614_3992242500440948736_o\"><\/a><a href=\"http:\/\/www.ff-heiligenkreuz.com\/wp-content\/uploads\/2020\/01\/80444433_2460533987501258_7205390972908208128_o.jpg\"><img src=\"http:\/\/www.ff-heiligenkreuz.com\/wp-content\/uploads\/2020\/01\/80444433_2460533987501258_7205390972908208128_o-150x150.jpg\" alt=\"80444433_2460533987501258_7205390972908208128_o\"><\/a><a href=\"http:\/\/www.ff-heiligenkreuz.com\/wp-content\/uploads\/2020\/01\/80798618_2460533964167927_4115744074584031232_o.jpg\"><img src=\"http:\/\/www.ff-heiligenkreuz.com\/wp-content\/uploads\/2020\/01\/80798618_2460533964167927_4115744074584031232_o-150x150.jpg\" alt=\"80798618_2460533964167927_4115744074584031232_o\"><\/a><a href=\"http:\/\/www.ff-heiligenkreuz.com\/wp-content\/uploads\/2020\/01\/80556688_2460534210834569_2786037034559471616_o.jpg\"><img src=\"http:\/\/www.ff-heiligenkreuz.com\/wp-content\/uploads\/2020\/01\/80556688_2460534210834569_2786037034559471616_o-150x150.jpg\" alt=\"80556688_2460534210834569_2786037034559471616_o\"><\/a><a href=\"http:\/\/www.ff-heiligenkreuz.com\/wp-content\/uploads\/2020\/01\/80270086_2460534087501248_3666959192318541824_o.jpg\"><img src=\"http:\/\/www.ff-heiligenkreuz.com\/wp-content\/uploads\/2020\/01\/80270086_2460534087501248_3666959192318541824_o-150x150.jpg\" alt=\"80270086_2460534087501248_3666959192318541824_o\"><\/a><a href=\"http:\/\/www.ff-heiligenkreuz.com\/wp-content\/uploads\/2020\/01\/80704519_2460534374167886_441638516246446080_o.jpg\"><img src=\"http:\/\/www.ff-heiligenkreuz.com\/wp-content\/uploads\/2020\/01\/80704519_2460534374167886_441638516246446080_o-150x150.jpg\" alt=\"80704519_2460534374167886_441638516246446080_o\"><\/a><a href=\"http:\/\/www.ff-heiligenkreuz.com\/wp-content\/uploads\/2020\/01\/80643407_2460535230834467_834891872261373952_o.jpg\"><img src=\"http:\/\/www.ff-heiligenkreuz.com\/wp-content\/uploads\/2020\/01\/80643407_2460535230834467_834891872261373952_o-150x150.jpg\" alt=\"80643407_2460535230834467_834891872261373952_o\"><\/a><a href=\"http:\/\/www.ff-heiligenkreuz.com\/wp-content\/uploads\/2020\/01\/80337414_2460535384167785_3145899279000797184_o.jpg\"><img src=\"http:\/\/www.ff-heiligenkreuz.com\/wp-content\/uploads\/2020\/01\/80337414_2460535384167785_3145899279000797184_o-150x150.jpg\" alt=\"80337414_2460535384167785_3145899279000797184_o\"><\/a><a href=\"http:\/\/www.ff-heiligenkreuz.com\/wp-content\/uploads\/2020\/01\/80347437_2460534474167876_5278138790987169792_o.jpg\"><img src=\"http:\/\/www.ff-heiligenkreuz.com\/wp-content\/uploads\/2020\/01\/80347437_2460534474167876_5278138790987169792_o-150x150.jpg\" alt=\"80347437_2460534474167876_5278138790987169792_o\"><\/a><a href=\"http:\/\/www.ff-heiligenkreuz.com\/wp-content\/uploads\/2020\/01\/80409810_2460536437501013_430887697708482560_o.jpg\"><img src=\"http:\/\/www.ff-heiligenkreuz.com\/wp-content\/uploads\/2020\/01\/80409810_2460536437501013_430887697708482560_o-150x150.jpg\" alt=\"80409810_2460536437501013_430887697708482560_o\"><\/a><a href=\"http:\/\/www.ff-heiligenkreuz.com\/wp-content\/uploads\/2020\/01\/80424488_2460534634167860_7308730480210214912_o.jpg\"><img src=\"http:\/\/www.ff-heiligenkreuz.com\/wp-content\/uploads\/2020\/01\/80424488_2460534634167860_7308730480210214912_o-150x150.jpg\" alt=\"80424488_2460534634167860_7308730480210214912_o\"><\/a><a href=\"http:\/\/www.ff-heiligenkreuz.com\/wp-content\/uploads\/2020\/01\/80424842_2460533864167937_1258406051720462336_o.jpg\"><img src=\"http:\/\/www.ff-heiligenkreuz.com\/wp-content\/uploads\/2020\/01\/80424842_2460533864167937_1258406051720462336_o-150x150.jpg\" alt=\"80424842_2460533864167937_1258406051720462336_o\"><\/a><a href=\"http:\/\/www.ff-heiligenkreuz.com\/wp-content\/uploads\/2020\/01\/80446575_2460535267501130_5190054204361670656_o.jpg\"><img src=\"http:\/\/www.ff-heiligenkreuz.com\/wp-content\/uploads\/2020\/01\/80446575_2460535267501130_5190054204361670656_o-150x150.jpg\" alt=\"80446575_2460535267501130_5190054204361670656_o\"><\/a><a href=\"http:\/\/www.ff-heiligenkreuz.com\/wp-content\/uploads\/2020\/01\/80320577_2460535080834482_7399431513667796992_o.jpg\"><img src=\"http:\/\/www.ff-heiligenkreuz.com\/wp-content\/uploads\/2020\/01\/80320577_2460535080834482_7399431513667796992_o-150x150.jpg\" alt=\"80320577_2460535080834482_7399431513667796992_o\"><\/a><a href=\"http:\/\/www.ff-heiligenkreuz.com\/wp-content\/uploads\/2020\/01\/80465125_2460535334167790_2371709094361825280_o.jpg\"><img src=\"http:\/\/www.ff-heiligenkreuz.com\/wp-content\/uploads\/2020\/01\/80465125_2460535334167790_2371709094361825280_o-150x150.jpg\" alt=\"80465125_2460535334167790_2371709094361825280_o\"><\/a><a href=\"http:\/\/www.ff-heiligenkreuz.com\/wp-content\/uploads\/2020\/01\/80549901_2460535027501154_8074065185314177024_o.jpg\"><img src=\"http:\/\/www.ff-heiligenkreuz.com\/wp-content\/uploads\/2020\/01\/80549901_2460535027501154_8074065185314177024_o-150x150.jpg\" alt=\"80549901_2460535027501154_8074065185314177024_o\"><\/a><a href=\"http:\/\/www.ff-heiligenkreuz.com\/wp-content\/uploads\/2020\/01\/81044664_2460533600834630_6735000356444438528_o.jpg\"><img src=\"http:\/\/www.ff-heiligenkreuz.com\/wp-content\/uploads\/2020\/01\/81044664_2460533600834630_6735000356444438528_o-150x150.jpg\" alt=\"81044664_2460533600834630_6735000356444438528_o\"><\/a><a href=\"http:\/\/www.ff-heiligenkreuz.com\/wp-content\/uploads\/2020\/01\/80606804_2460535460834444_8736322728308506624_o.jpg\"><img src=\"http:\/\/www.ff-heiligenkreuz.com\/wp-content\/uploads\/2020\/01\/80606804_2460535460834444_8736322728308506624_o-150x150.jpg\" alt=\"80606804_2460535460834444_8736322728308506624_o\"><\/a><a href=\"http:\/\/www.ff-heiligenkreuz.com\/wp-content\/uploads\/2020\/01\/80209404_2460536134167710_929624565749907456_o.jpg\"><img src=\"http:\/\/www.ff-heiligenkreuz.com\/wp-content\/uploads\/2020\/01\/80209404_2460536134167710_929624565749907456_o-150x150.jpg\" alt=\"80209404_2460536134167710_929624565749907456_o\"><\/a><a href=\"http:\/\/www.ff-heiligenkreuz.com\/wp-content\/uploads\/2020\/01\/80639761_2460536204167703_797709206508535808_o.jpg\"><img src=\"http:\/\/www.ff-heiligenkreuz.com\/wp-content\/uploads\/2020\/01\/80639761_2460536204167703_797709206508535808_o-150x150.jpg\" alt=\"80639761_2460536204167703_797709206508535808_o\"><\/a><a href=\"http:\/\/www.ff-heiligenkreuz.com\/wp-content\/uploads\/2020\/01\/77077817_2460535840834406_1594230755775479808_o.jpg\"><img src=\"http:\/\/www.ff-heiligenkreuz.com\/wp-content\/uploads\/2020\/01\/77077817_2460535840834406_1594230755775479808_o-150x150.jpg\" alt=\"77077817_2460535840834406_1594230755775479808_o\"><\/a><a href=\"http:\/\/www.ff-heiligenkreuz.com\/wp-content\/uploads\/2020\/01\/80291740_2460534767501180_7564448018355716096_o.jpg\"><img src=\"http:\/\/www.ff-heiligenkreuz.com\/wp-content\/uploads\/2020\/01\/80291740_2460534767501180_7564448018355716096_o-150x150.jpg\" alt=\"80291740_2460534767501180_7564448018355716096_o\"><\/a><a href=\"http:\/\/www.ff-heiligenkreuz.com\/wp-content\/uploads\/2020\/01\/80438197_2460536377501019_6709846760216330240_o.jpg\"><img src=\"http:\/\/www.ff-heiligenkreuz.com\/wp-content\/uploads\/2020\/01\/80438197_2460536377501019_6709846760216330240_o-150x150.jpg\" alt=\"80438197_2460536377501019_6709846760216330240_o\"><\/a><a href=\"http:\/\/www.ff-heiligenkreuz.com\/wp-content\/uploads\/2020\/01\/80257363_2460535697501087_8607887916074532864_o.jpg\"><img src=\"http:\/\/www.ff-heiligenkreuz.com\/wp-content\/uploads\/2020\/01\/80257363_2460535697501087_8607887916074532864_o-150x150.jpg\" alt=\"80257363_2460535697501087_8607887916074532864_o\"><\/a><a href=\"http:\/\/www.ff-heiligenkreuz.com\/wp-content\/uploads\/2020\/01\/80192489_2460534674167856_5320058934516514816_o.jpg\"><img src=\"http:\/\/www.ff-heiligenkreuz.com\/wp-content\/uploads\/2020\/01\/80192489_2460534674167856_5320058934516514816_o-150x150.jpg\" alt=\"80192489_2460534674167856_5320058934516514816_o\"><\/a><a href=\"http:\/\/www.ff-heiligenkreuz.com\/wp-content\/uploads\/2020\/01\/80641675_2460535140834476_4843241393415520256_o.jpg\"><img src=\"http:\/\/www.ff-heiligenkreuz.com\/wp-content\/uploads\/2020\/01\/80641675_2460535140834476_4843241393415520256_o-150x150.jpg\" alt=\"80641675_2460535140834476_4843241393415520256_o\"><\/a><a href=\"http:\/\/www.ff-heiligenkreuz.com\/wp-content\/uploads\/2020\/01\/80648069_2460535910834399_6980493428589068288_o.jpg\"><img src=\"http:\/\/www.ff-heiligenkreuz.com\/wp-content\/uploads\/2020\/01\/80648069_2460535910834399_6980493428589068288_o-150x150.jpg\" alt=\"80648069_2460535910834399_6980493428589068288_o\"><\/a><a href=\"http:\/\/www.ff-heiligenkreuz.com\/wp-content\/uploads\/2020\/01\/80709947_2460535877501069_9036209456723001344_o.jpg\"><img src=\"http:\/\/www.ff-heiligenkreuz.com\/wp-content\/uploads\/2020\/01\/80709947_2460535877501069_9036209456723001344_o-150x150.jpg\" alt=\"80709947_2460535877501069_9036209456723001344_o\"><\/a><a href=\"http:\/\/www.ff-heiligenkreuz.com\/wp-content\/uploads\/2020\/01\/80329477_2460536390834351_7108210233960300544_o.jpg\"><img src=\"http:\/\/www.ff-heiligenkreuz.com\/wp-content\/uploads\/2020\/01\/80329477_2460536390834351_7108210233960300544_o-150x150.jpg\" alt=\"80329477_2460536390834351_7108210233960300544_o\"><\/a><a href=\"http:\/\/www.ff-heiligenkreuz.com\/wp-content\/uploads\/2020\/01\/80663057_2460533717501285_8621719381509931008_o.jpg\"><img src=\"http:\/\/www.ff-heiligenkreuz.com\/wp-content\/uploads\/2020\/01\/80663057_2460533717501285_8621719381509931008_o-150x150.jpg\" alt=\"80663057_2460533717501285_8621719381509931008_o\"><\/a><a href=\"http:\/\/www.ff-heiligenkreuz.com\/wp-content\/uploads\/2020\/01\/80671822_2460534570834533_3434363717985239040_o.jpg\"><img src=\"http:\/\/www.ff-heiligenkreuz.com\/wp-content\/uploads\/2020\/01\/80671822_2460534570834533_3434363717985239040_o-150x150.jpg\" alt=\"80671822_2460534570834533_3434363717985239040_o\"><\/a><a href=\"http:\/\/www.ff-heiligenkreuz.com\/wp-content\/uploads\/2020\/01\/80673844_2460536194167704_6084870791776698368_o.jpg\"><img src=\"http:\/\/www.ff-heiligenkreuz.com\/wp-content\/uploads\/2020\/01\/80673844_2460536194167704_6084870791776698368_o-150x150.jpg\" alt=\"80673844_2460536194167704_6084870791776698368_o\"><\/a><a href=\"http:\/\/www.ff-heiligenkreuz.com\/wp-content\/uploads\/2020\/01\/80718424_2460536084167715_4267364997182521344_o.jpg\"><img src=\"http:\/\/www.ff-heiligenkreuz.com\/wp-content\/uploads\/2020\/01\/80718424_2460536084167715_4267364997182521344_o-150x150.jpg\" alt=\"80718424_2460536084167715_4267364997182521344_o\"><\/a><a href=\"http:\/\/www.ff-heiligenkreuz.com\/wp-content\/uploads\/2020\/01\/80740560_2460535487501108_7066431738452377600_o.jpg\"><img src=\"http:\/\/www.ff-heiligenkreuz.com\/wp-content\/uploads\/2020\/01\/80740560_2460535487501108_7066431738452377600_o-150x150.jpg\" alt=\"80740560_2460535487501108_7066431738452377600_o\"><\/a><a href=\"http:\/\/www.ff-heiligenkreuz.com\/wp-content\/uploads\/2020\/01\/80768729_2460534444167879_6834572211060211712_o.jpg\"><img src=\"http:\/\/www.ff-heiligenkreuz.com\/wp-content\/uploads\/2020\/01\/80768729_2460534444167879_6834572211060211712_o-150x150.jpg\" alt=\"80768729_2460534444167879_6834572211060211712_o\"><\/a><a href=\"http:\/\/www.ff-heiligenkreuz.com\/wp-content\/uploads\/2020\/01\/80776910_2460534130834577_4432557591234609152_o.jpg\"><img src=\"http:\/\/www.ff-heiligenkreuz.com\/wp-content\/uploads\/2020\/01\/80776910_2460534130834577_4432557591234609152_o-150x150.jpg\" alt=\"80776910_2460534130834577_4432557591234609152_o\"><\/a><a href=\"http:\/\/www.ff-heiligenkreuz.com\/wp-content\/uploads\/2020\/01\/80816059_2460535560834434_6131189462853484544_o.jpg\"><img src=\"http:\/\/www.ff-heiligenkreuz.com\/wp-content\/uploads\/2020\/01\/80816059_2460535560834434_6131189462853484544_o-150x150.jpg\" alt=\"80816059_2460535560834434_6131189462853484544_o\"><\/a><a href=\"http:\/\/www.ff-heiligenkreuz.com\/wp-content\/uploads\/2020\/01\/80983755_2460536457501011_5409349367570104320_o.jpg\"><img src=\"http:\/\/www.ff-heiligenkreuz.com\/wp-content\/uploads\/2020\/01\/80983755_2460536457501011_5409349367570104320_o-150x150.jpg\" alt=\"80983755_2460536457501011_5409349367570104320_o\"><\/a><a href=\"http:\/\/www.ff-heiligenkreuz.com\/wp-content\/uploads\/2020\/01\/80984654_2460534737501183_5539683689220276224_o.jpg\"><img src=\"http:\/\/www.ff-heiligenkreuz.com\/wp-content\/uploads\/2020\/01\/80984654_2460534737501183_5539683689220276224_o-150x150.jpg\" alt=\"80984654_2460534737501183_5539683689220276224_o\"><\/a><a href=\"http:\/\/www.ff-heiligenkreuz.com\/wp-content\/uploads\/2020\/01\/81029995_2460534240834566_3538642556109717504_o.jpg\"><img src=\"http:\/\/www.ff-heiligenkreuz.com\/wp-content\/uploads\/2020\/01\/81029995_2460534240834566_3538642556109717504_o-150x150.jpg\" alt=\"81029995_2460534240834566_3538642556109717504_o\"><\/a><a href=\"http:\/\/www.ff-heiligenkreuz.com\/wp-content\/uploads\/2020\/01\/81088296_2460534530834537_8686317854305288192_o.jpg\"><img src=\"http:\/\/www.ff-heiligenkreuz.com\/wp-content\/uploads\/2020\/01\/81088296_2460534530834537_8686317854305288192_o-150x150.jpg\" alt=\"81088296_2460534530834537_8686317854305288192_o\"><\/a><a href=\"http:\/\/www.ff-heiligenkreuz.com\/wp-content\/uploads\/2020\/01\/81187398_2460534860834504_1458851226237009920_o.jpg\"><img src=\"http:\/\/www.ff-heiligenkreuz.com\/wp-content\/uploads\/2020\/01\/81187398_2460534860834504_1458851226237009920_o-150x150.jpg\" alt=\"81187398_2460534860834504_1458851226237009920_o\"><\/a><a href=\"http:\/\/www.ff-heiligenkreuz.com\/wp-content\/uploads\/2020\/01\/81191706_2460535847501072_4031334962056658944_o.jpg\"><img src=\"http:\/\/www.ff-heiligenkreuz.com\/wp-content\/uploads\/2020\/01\/81191706_2460535847501072_4031334962056658944_o-150x150.jpg\" alt=\"81191706_2460535847501072_4031334962056658944_o\"><\/a><a href=\"http:\/\/www.ff-heiligenkreuz.com\/wp-content\/uploads\/2020\/01\/81210293_2460534340834556_1041177454976172032_o.jpg\"><img src=\"http:\/\/www.ff-heiligenkreuz.com\/wp-content\/uploads\/2020\/01\/81210293_2460534340834556_1041177454976172032_o-150x150.jpg\" alt=\"81210293_2460534340834556_1041177454976172032_o\"><\/a><a href=\"http:\/\/www.ff-heiligenkreuz.com\/wp-content\/uploads\/2020\/01\/81231401_2460535590834431_6775013178012073984_o.jpg\"><img src=\"http:\/\/www.ff-heiligenkreuz.com\/wp-content\/uploads\/2020\/01\/81231401_2460535590834431_6775013178012073984_o-150x150.jpg\" alt=\"81231401_2460535590834431_6775013178012073984_o\"><\/a><a href=\"http:\/\/www.ff-heiligenkreuz.com\/wp-content\/uploads\/2020\/01\/81250743_2460534867501170_7178291730725208064_o.jpg\"><img src=\"http:\/\/www.ff-heiligenkreuz.com\/wp-content\/uploads\/2020\/01\/81250743_2460534867501170_7178291730725208064_o-150x150.jpg\" alt=\"81250743_2460534867501170_7178291730725208064_o\"><\/a><a href=\"http:\/\/www.ff-heiligenkreuz.com\/wp-content\/uploads\/2020\/01\/81877690_2460534980834492_7366444056005574656_o.jpg\"><img src=\"http:\/\/www.ff-heiligenkreuz.com\/wp-content\/uploads\/2020\/01\/81877690_2460534980834492_7366444056005574656_o-150x150.jpg\" alt=\"81877690_2460534980834492_7366444056005574656_o\"><\/a><a href=\"http:\/\/www.ff-heiligenkreuz.com\/wp-content\/uploads\/2020\/01\/81910286_2460533800834610_4821734683983216640_o.jpg\"><img src=\"http:\/\/www.ff-heiligenkreuz.com\/wp-content\/uploads\/2020\/01\/81910286_2460533800834610_4821734683983216640_o-150x150.jpg\" alt=\"81910286_2460533800834610_4821734683983216640_o\"><\/a><a href=\"http:\/\/www.ff-heiligenkreuz.com\/wp-content\/uploads\/2020\/01\/81969409_2460535770834413_5648671563847827456_o.jpg\"><img src=\"http:\/\/www.ff-heiligenkreuz.com\/wp-content\/uploads\/2020\/01\/81969409_2460535770834413_5648671563847827456_o-150x150.jpg\" alt=\"81969409_2460535770834413_5648671563847827456_o\"><\/a><\/div><\/div><\/p>\n","protected":false},"excerpt":{"rendered":"<p>Friedenslicht\u00fcbergabe &amp; 11. Heiligenkreuzer Friedenslichtlauf Am 23.12.2019 fand die Friedenslicht\u00fcbergabe &amp; der 11. Heiligenkreuzer Friedenslichtlauf am Marktplatz in Heiligenkreuz am Waasen statt. \u00dcber 1000 Besucher aus nah und fern kamen zu dieser vorweihnachtlichen Veranstaltung, welche von der\u00a0Marktmusik Heiligenkreuz am Waasen\u00a0musikalisch umrahmt und von der FF Heiligenkreuz am Waasen organisiert wurde. &#8230;<\/p>\n","protected":false},"author":2,"featured_media":0,"parent":206,"menu_order":0,"comment_status":"closed","ping_status":"closed","template":"","meta":[],"_links":{"self":[{"href":"http:\/\/www.ff-heiligenkreuz.com\/index.php?rest_route=\/wp\/v2\/pages\/4766"}],"collection":[{"href":"http:\/\/www.ff-heiligenkreuz.com\/index.php?rest_route=\/wp\/v2\/pages"}],"about":[{"href":"http:\/\/www.ff-heiligenkreuz.com\/index.php?rest_route=\/wp\/v2\/types\/page"}],"author":[{"embeddable":true,"href":"http:\/\/www.ff-heiligenkreuz.com\/index.php?rest_route=\/wp\/v2\/users\/2"}],"replies":[{"embeddable":true,"href":"http:\/\/www.ff-heiligenkreuz.com\/index.php?rest_route=%2Fwp%2Fv2%2Fcomments&post=4766"}],"version-history":[{"count":10,"href":"http:\/\/www.ff-heiligenkreuz.com\/index.php?rest_route=\/wp\/v2\/pages\/4766\/revisions"}],"predecessor-version":[{"id":4810,"href":"http:\/\/www.ff-heiligenkreuz.com\/index.php?rest_route=\/wp\/v2\/pages\/4766\/revisions\/4810"}],"up":[{"embeddable":true,"href":"http:\/\/www.ff-heiligenkreuz.com\/index.php?rest_route=\/wp\/v2\/pages\/206"}],"wp:attachment":[{"href":"http:\/\/www.ff-heiligenkreuz.com\/index.php?rest_route=%2Fwp%2Fv2%2Fmedia&parent=4766"}],"curies":[{"name":"wp","href":"https:\/\/api.w.org\/{rel}","templated":true}]}}