{"id":350,"date":"2015-01-28T13:00:25","date_gmt":"2015-01-28T13:00:25","guid":{"rendered":"http:\/\/ff-heiligenkreuz.com\/?page_id=350"},"modified":"2021-01-13T13:07:37","modified_gmt":"2021-01-13T13:07:37","slug":"impressum","status":"publish","type":"page","link":"http:\/\/www.ff-heiligenkreuz.com\/?page_id=350","title":{"rendered":"IMPRESSUM"},"content":{"rendered":"<p style=\"text-align: center;\">Verantwortlich f\u00fcr Webdesign, den Wortlaut aller auf den Internetseiten der Freiwilligen<br \/>\nFeuerwehr Heiligenkreuz a\/W erschienenen Publikationen (au\u00dfer anders angegeben) und der Wartung:<\/p>\n<p style=\"text-align: center;\"><strong>LM d.V.\u00a0Andreas Fruhmann<br \/>\n<\/strong>Presse- und \u00d6ffentlichkeitsarbeit<\/p>\n<p style=\"text-align: center;\">Freiwillige Feuerwehr Heiligenkreuz am Waasen<br \/>\nGrazer Stra\u00dfe 36<br \/>\n8081 Heiligenkreuz am Waasen<\/p>\n<p style=\"text-align: center;\"><strong>HINWEIS<\/strong><br \/>\nS\u00e4mtliche Bilder sowie Fotos sind urheberrechtlich gesch\u00fctzt.<br \/>\nSollten Sie Interesse an einer Publikation unserer Bilder haben, kontaktieren<br \/>\nSie uns!<\/p>\n<p style=\"text-align: center;\"><strong>DATENSCHUTZ<\/strong><br \/>\nDiese Website benutzt Google Analytics, einen Webanalysedienst der Google Inc. (\u201eGoogle\u201c). Google Analytics verwendet sog. \u201eCookies\u201c, Textdateien, die auf Ihrem Computer gespeichert werden und die eine Analyse der Benutzung der Website durch Sie erm\u00f6glichen. Die durch den Cookie erzeugten Informationen \u00fcber Ihre Benutzung dieser Website werden in der Regel an einen Server von Google in den USA \u00fcbertragen und dort gespeichert.<\/p>\n","protected":false},"excerpt":{"rendered":"<p>Verantwortlich f\u00fcr Webdesign, den Wortlaut aller auf den Internetseiten der Freiwilligen Feuerwehr Heiligenkreuz a\/W erschienenen Publikationen (au\u00dfer anders angegeben) und der Wartung: LM d.V.\u00a0Andreas Fruhmann Presse- und \u00d6ffentlichkeitsarbeit Freiwillige Feuerwehr Heiligenkreuz am Waasen Grazer Stra\u00dfe 36 8081 Heiligenkreuz am Waasen HINWEIS S\u00e4mtliche Bilder sowie Fotos sind urheberrechtlich gesch\u00fctzt. Sollten Sie &#8230;<\/p>\n","protected":false},"author":2,"featured_media":0,"parent":28,"menu_order":0,"comment_status":"closed","ping_status":"closed","template":"","meta":[],"_links":{"self":[{"href":"http:\/\/www.ff-heiligenkreuz.com\/index.php?rest_route=\/wp\/v2\/pages\/350"}],"collection":[{"href":"http:\/\/www.ff-heiligenkreuz.com\/index.php?rest_route=\/wp\/v2\/pages"}],"about":[{"href":"http:\/\/www.ff-heiligenkreuz.com\/index.php?rest_route=\/wp\/v2\/types\/page"}],"author":[{"embeddable":true,"href":"http:\/\/www.ff-heiligenkreuz.com\/index.php?rest_route=\/wp\/v2\/users\/2"}],"replies":[{"embeddable":true,"href":"http:\/\/www.ff-heiligenkreuz.com\/index.php?rest_route=%2Fwp%2Fv2%2Fcomments&post=350"}],"version-history":[{"count":13,"href":"http:\/\/www.ff-heiligenkreuz.com\/index.php?rest_route=\/wp\/v2\/pages\/350\/revisions"}],"predecessor-version":[{"id":7736,"href":"http:\/\/www.ff-heiligenkreuz.com\/index.php?rest_route=\/wp\/v2\/pages\/350\/revisions\/7736"}],"up":[{"embeddable":true,"href":"http:\/\/www.ff-heiligenkreuz.com\/index.php?rest_route=\/wp\/v2\/pages\/28"}],"wp:attachment":[{"href":"http:\/\/www.ff-heiligenkreuz.com\/index.php?rest_route=%2Fwp%2Fv2%2Fmedia&parent=350"}],"curies":[{"name":"wp","href":"https:\/\/api.w.org\/{rel}","templated":true}]}}